{"id":11133,"date":"2024-05-02T04:44:07","date_gmt":"2024-05-02T04:44:07","guid":{"rendered":"https:\/\/servicemode.ee\/claims-handling\/"},"modified":"2024-05-02T04:44:08","modified_gmt":"2024-05-02T04:44:08","slug":"claims-handling","status":"publish","type":"page","link":"https:\/\/servicemode.ee\/en\/claims-handling\/","title":{"rendered":"Claims handling"},"content":{"rendered":"\t\t<div data-elementor-type=\"wp-page\" data-elementor-id=\"11133\" class=\"elementor elementor-11133 elementor-9316\" data-elementor-post-type=\"page\">\n\t\t\t\t\t\t<section class=\"elementor-section elementor-top-section elementor-element elementor-element-8936b4d elementor-section-height-min-height elementor-section-content-middle elementor-section-boxed elementor-section-height-default elementor-section-items-middle\" data-id=\"8936b4d\" data-element_type=\"section\" data-settings=\"{&quot;background_background&quot;:&quot;classic&quot;}\">\n\t\t\t\t\t\t\t<div class=\"elementor-background-overlay\"><\/div>\n\t\t\t\t\t\t\t<div class=\"elementor-container elementor-column-gap-no\">\n\t\t\t\t\t<div class=\"elementor-column elementor-col-100 elementor-top-column elementor-element elementor-element-2e33dea\" data-id=\"2e33dea\" data-element_type=\"column\">\n\t\t\t<div class=\"elementor-widget-wrap elementor-element-populated\">\n\t\t\t\t\t\t<div class=\"elementor-element elementor-element-9181e44 elementor-widget elementor-widget-heading\" data-id=\"9181e44\" data-element_type=\"widget\" data-widget_type=\"heading.default\">\n\t\t\t\t<div class=\"elementor-widget-container\">\n\t\t\t<h1 class=\"elementor-heading-title elementor-size-default\">Claims handling<\/h1>\t\t<\/div>\n\t\t\t\t<\/div>\n\t\t\t\t\t<\/div>\n\t\t<\/div>\n\t\t\t\t\t<\/div>\n\t\t<\/section>\n\t\t\t\t<section class=\"elementor-section elementor-top-section elementor-element elementor-element-ffca675 elementor-section-stretched elementor-reverse-mobile elementor-section-boxed elementor-section-height-default elementor-section-height-default elementor-invisible\" data-id=\"ffca675\" data-element_type=\"section\" data-settings=\"{&quot;animation&quot;:&quot;fadeIn&quot;,&quot;stretch_section&quot;:&quot;section-stretched&quot;}\">\n\t\t\t\t\t\t<div class=\"elementor-container elementor-column-gap-no\">\n\t\t\t\t\t<div class=\"elementor-column elementor-col-100 elementor-top-column elementor-element elementor-element-a274921\" data-id=\"a274921\" data-element_type=\"column\">\n\t\t\t<div class=\"elementor-widget-wrap elementor-element-populated\">\n\t\t\t\t\t\t<div class=\"elementor-element elementor-element-a2fa6bc instyle elementor-widget elementor-widget-text-editor\" data-id=\"a2fa6bc\" data-element_type=\"widget\" data-widget_type=\"text-editor.default\">\n\t\t\t\t<div class=\"elementor-widget-container\">\n\t\t\t\t\t\t\t<p>Aitame Sind kindlustusjuhtumite korral ning ajame sinu eest k\u00f5ik dokumendid ise korda.<\/p>\n\t\t\t\t\t\t<\/div>\n\t\t\t\t<\/div>\n\t\t\t\t<div class=\"elementor-element elementor-element-6d45de7 instyle elementor-widget elementor-widget-text-editor\" data-id=\"6d45de7\" data-element_type=\"widget\" data-widget_type=\"text-editor.default\">\n\t\t\t\t<div class=\"elementor-widget-container\">\n\t\t\t\t\t\t\t<p><b>Mida teha kui juhtus \u00f5nnetus?<\/b><\/p>\n<p>\u00d5nnetuse tekkimisel v\u00f5ta tarvitusele abin\u00f5ud kahju suurenemise v\u00e4ltimiseks ja \u00fcldise ohutuse tagamiseks.<\/p>\n<p><b>Helista H\u00e4irekeskusesse 112, kui:<\/b><\/p>\n<ul>\n<li>\u00f5nnetuses on keegi viga saanud. Kui Sa oskad ja on v\u00f5imalik, anna kannatanutele esmaabi;<\/li>\n<li>\u00f5nnetuses osalenud inimesed ei ole s\u00fc\u00fcdlase osas \u00fchel meelel;<\/li>\n<li>kahjustatud vara omanik ei ole teada, n\u00e4iteks oled otsa s\u00f5itnud liiklusm\u00e4rgile, aiale v\u00f5i parklas teisele s\u00f5idukile;<\/li>\n<li>kahju tekitaja on \u00f5nnetuspaigalt lahkunud;<\/li>\n<li>\u00f5nnetus tekkis loomale otsas\u00f5itmisel v\u00f5i selle v\u00e4ltimisel.<\/li>\n<\/ul>\n<p>P\u00e4rast \u00f5nnetuse fikseerimist ning dokumendi allkirjastamist v\u00f5ib s\u00f5idukitega s\u00fcndmuskohalt lahkuda.<\/p>\n<p>Enne s\u00f5idu alustamist veendu, et s\u00f5idukiga liiklemine on ohutu.<\/p>\n\t\t\t\t\t\t<\/div>\n\t\t\t\t<\/div>\n\t\t\t\t<div class=\"elementor-element elementor-element-10d4ed8 instyle elementor-hidden-desktop elementor-hidden-tablet elementor-hidden-mobile elementor-widget elementor-widget-text-editor\" data-id=\"10d4ed8\" data-element_type=\"widget\" data-widget_type=\"text-editor.default\">\n\t\t\t\t<div class=\"elementor-widget-container\">\n\t\t\t\t\t\t\t<p>Osutame otsek\u00e4sitluse teenust j\u00e4rgnevatele kindlustusseltsidele:<\/p>\n<p>If P&amp;C Insurance<br \/>Swedbank P&amp;C Insurance AS<br \/>PZU Kindlustus<br \/>ERGO Insurance SE<br \/>Kindlustusaktsiaselts Gjensidige Baltic<br \/>Compensa Vienna Insurance Group, ADB Eesti filiaal<br \/>BTA Baltic Insurance Company<br \/>Salva Kindlustuse AS<br \/>Inges Kindlustus<br \/>LHV Kindlustus<\/p>\n\t\t\t\t\t\t<\/div>\n\t\t\t\t<\/div>\n\t\t\t\t\t<\/div>\n\t\t<\/div>\n\t\t\t\t\t<\/div>\n\t\t<\/section>\n\t\t\t\t<section class=\"elementor-section elementor-top-section elementor-element elementor-element-feb8da9 elementor-section-stretched elementor-reverse-mobile elementor-section-boxed elementor-section-height-default elementor-section-height-default elementor-invisible\" data-id=\"feb8da9\" data-element_type=\"section\" data-settings=\"{&quot;animation&quot;:&quot;fadeIn&quot;,&quot;stretch_section&quot;:&quot;section-stretched&quot;}\">\n\t\t\t\t\t\t<div class=\"elementor-container elementor-column-gap-no\">\n\t\t\t\t\t<div class=\"elementor-column elementor-col-100 elementor-top-column elementor-element elementor-element-832cd85\" data-id=\"832cd85\" data-element_type=\"column\">\n\t\t\t<div class=\"elementor-widget-wrap elementor-element-populated\">\n\t\t\t\t\t\t<div class=\"elementor-element elementor-element-c4fc702 instyle elementor-widget elementor-widget-text-editor\" data-id=\"c4fc702\" data-element_type=\"widget\" data-widget_type=\"text-editor.default\">\n\t\t\t\t<div class=\"elementor-widget-container\">\n\t\t\t\t\t\t\t<h3><strong>Mida teha liiklus\u00f5nnetuse v\u00f5i kaskokahju korral?<\/strong><\/h3>\n<p>Kui Sinu autoga peaks juhtuma \u00f5nnetus, v\u00f5tame kogu asjaajamise kindlustusfirmadega enda peale. Liiklus\u00f5nnetuse v\u00f5i muu kindlustusjuhtumi toimumise korral p\u00f6\u00f6rdu kahju registreerimiseks meie esindusse.<\/p>\n<p>Kahjuk\u00e4sitlemiseks vajalikud dokumendid<\/p>\n<ul class=\"check-list\">\n<li>s\u00f5iduki registreerimistunnistus<\/li>\n<li>\u00f5nnetuse hetkel roolis olnud juhi juhtimis\u00f5igust t\u00f5endav dokument (juhiluba, pass, ID kaart)<\/li>\n<li>volituse alusel s\u00f5iduki kasutaja volikiri<\/li>\n<li>kindlustuspoliis v\u00f5i kindlustusseltsi andmed, kus on s\u00f5lmitud kehtiv poliis<\/li>\n<li>muud dokumendid, mis v\u00f5ivad juhtumiga seotud olla.<\/li>\n<\/ul>\n<p>Liikluskahju k\u00e4sitlemiseks vajalikud dokumendid<\/p>\n<ul class=\"check-list\">\n<li>T\u00e4idetud blankett: \u201e<a href=\"http:\/\/www.lkf.ee\/sites\/default\/files\/Teade_liiklusonnetusest_2015_A4.pdf\" data-wplink-edit=\"true\">Teade liiklus\u00f5nnetusest<\/a>\u201c.<\/li>\n<li>S\u00f5iduki registreerimistunnistus<\/li>\n<li>\u00f5nnetuse hetkel roolis olnud juhi juhtimis\u00f5igust t\u00f5endav dokument (juhiluba, pass, ID kaart)<\/li>\n<li>Volikiri, kui kasutad s\u00f5idukit volitusega<\/li>\n<li>Liikluskindlustuse poliis<\/li>\n<li>muud dokumendid, mis v\u00f5ivad juhtumiga seotud olla.<\/li>\n<\/ul>\n<div class=\"c-content-block\">\n<div class=\"c-content-block\">\n<p>Liiklus\u00f5nnetuse menetlemise korda reguleerib <a href=\"https:\/\/www.riigiteataja.ee\/akt\/110072018009\">Vabariigi Valitsuse m\u00e4\u00e4rus nr 68<\/a>.<\/p>\n<\/div>\n<\/div>\n\t\t\t\t\t\t<\/div>\n\t\t\t\t<\/div>\n\t\t\t\t<div class=\"elementor-element elementor-element-e0d7e54 elementor-widget__width-auto elementor-widget-mobile__width-inherit elementor-widget elementor-widget-button\" data-id=\"e0d7e54\" data-element_type=\"widget\" data-widget_type=\"button.default\">\n\t\t\t\t<div class=\"elementor-widget-container\">\n\t\t\t\t\t<div class=\"elementor-button-wrapper\">\n\t\t\t<a class=\"elementor-button elementor-button-link elementor-size-sm\" href=\"http:\/\/www.lkf.ee\/sites\/default\/files\/Teade_liiklusonnetusest_2015_A4.pdf\">\n\t\t\t\t\t\t<span class=\"elementor-button-content-wrapper\">\n\t\t\t\t\t\t\t\t\t<span class=\"elementor-button-text\">Report of a road accident<\/span>\n\t\t\t\t\t<\/span>\n\t\t\t\t\t<\/a>\n\t\t<\/div>\n\t\t\t\t<\/div>\n\t\t\t\t<\/div>\n\t\t\t\t<div class=\"elementor-element elementor-element-3002150 elementor-widget__width-auto elementor-widget elementor-widget-button\" data-id=\"3002150\" data-element_type=\"widget\" data-widget_type=\"button.default\">\n\t\t\t\t<div class=\"elementor-widget-container\">\n\t\t\t\t\t<div class=\"elementor-button-wrapper\">\n\t\t\t<a class=\"elementor-button elementor-button-link elementor-size-sm\" href=\"https:\/\/www.lkf.ee\/sites\/default\/files\/Hyvitistaotlus_turuylene%2819%29.pdf\">\n\t\t\t\t\t\t<span class=\"elementor-button-content-wrapper\">\n\t\t\t\t\t\t\t\t\t<span class=\"elementor-button-text\">Application for compensation<\/span>\n\t\t\t\t\t<\/span>\n\t\t\t\t\t<\/a>\n\t\t<\/div>\n\t\t\t\t<\/div>\n\t\t\t\t<\/div>\n\t\t\t\t\t<\/div>\n\t\t<\/div>\n\t\t\t\t\t<\/div>\n\t\t<\/section>\n\t\t\t\t<\/div>\n\t\t","protected":false},"excerpt":{"rendered":"<p>Claims handling Aitame Sind kindlustusjuhtumite korral ning ajame sinu eest k\u00f5ik dokumendid ise korda. Mida teha kui juhtus \u00f5nnetus? \u00d5nnetuse tekkimisel v\u00f5ta tarvitusele abin\u00f5ud kahju suurenemise v\u00e4ltimiseks ja \u00fcldise ohutuse tagamiseks. Helista H\u00e4irekeskusesse 112, kui: \u00f5nnetuses on keegi viga saanud. Kui Sa oskad ja on v\u00f5imalik, anna kannatanutele esmaabi; \u00f5nnetuses osalenud inimesed ei ole s\u00fc\u00fcdlase [&hellip;]<\/p>\n","protected":false},"author":2,"featured_media":0,"parent":0,"menu_order":0,"comment_status":"closed","ping_status":"closed","template":"","meta":{"_acf_changed":false,"footnotes":""},"class_list":["post-11133","page","type-page","status-publish","hentry"],"acf":[],"yoast_head":"<!-- This site is optimized with the Yoast SEO Premium plugin v19.5 (Yoast SEO v23.7) - https:\/\/yoast.com\/wordpress\/plugins\/seo\/ -->\n<title>Claims handling | ServiceMode<\/title>\n<meta name=\"robots\" content=\"index, follow, max-snippet:-1, max-image-preview:large, max-video-preview:-1\" \/>\n<link rel=\"canonical\" href=\"https:\/\/servicemode.ee\/en\/claims-handling\/\" \/>\n<meta property=\"og:locale\" content=\"en_US\" \/>\n<meta property=\"og:type\" content=\"article\" \/>\n<meta property=\"og:title\" content=\"Claims handling\" \/>\n<meta property=\"og:description\" content=\"Claims handling Aitame Sind kindlustusjuhtumite korral ning ajame sinu eest k\u00f5ik dokumendid ise korda. Mida teha kui juhtus \u00f5nnetus? \u00d5nnetuse tekkimisel v\u00f5ta tarvitusele abin\u00f5ud kahju suurenemise v\u00e4ltimiseks ja \u00fcldise ohutuse tagamiseks. Helista H\u00e4irekeskusesse 112, kui: \u00f5nnetuses on keegi viga saanud. Kui Sa oskad ja on v\u00f5imalik, anna kannatanutele esmaabi; \u00f5nnetuses osalenud inimesed ei ole s\u00fc\u00fcdlase [&hellip;]\" \/>\n<meta property=\"og:url\" content=\"https:\/\/servicemode.ee\/en\/claims-handling\/\" \/>\n<meta property=\"og:site_name\" content=\"ServiceMode\" \/>\n<meta property=\"article:modified_time\" content=\"2024-05-02T04:44:08+00:00\" \/>\n<meta name=\"twitter:card\" content=\"summary_large_image\" \/>\n<meta name=\"twitter:label1\" content=\"Est. reading time\" \/>\n\t<meta name=\"twitter:data1\" content=\"2 minutes\" \/>\n<script type=\"application\/ld+json\" class=\"yoast-schema-graph\">{\"@context\":\"https:\/\/schema.org\",\"@graph\":[{\"@type\":\"WebPage\",\"@id\":\"https:\/\/servicemode.ee\/en\/claims-handling\/\",\"url\":\"https:\/\/servicemode.ee\/en\/claims-handling\/\",\"name\":\"Claims handling | ServiceMode\",\"isPartOf\":{\"@id\":\"https:\/\/servicemode.ee\/#website\"},\"datePublished\":\"2024-05-02T04:44:07+00:00\",\"dateModified\":\"2024-05-02T04:44:08+00:00\",\"breadcrumb\":{\"@id\":\"https:\/\/servicemode.ee\/en\/claims-handling\/#breadcrumb\"},\"inLanguage\":\"en-US\",\"potentialAction\":[{\"@type\":\"ReadAction\",\"target\":[\"https:\/\/servicemode.ee\/en\/claims-handling\/\"]}]},{\"@type\":\"BreadcrumbList\",\"@id\":\"https:\/\/servicemode.ee\/en\/claims-handling\/#breadcrumb\",\"itemListElement\":[{\"@type\":\"ListItem\",\"position\":1,\"name\":\"Home\",\"item\":\"https:\/\/servicemode.ee\/en\/\"},{\"@type\":\"ListItem\",\"position\":2,\"name\":\"Claims handling\"}]},{\"@type\":\"WebSite\",\"@id\":\"https:\/\/servicemode.ee\/#website\",\"url\":\"https:\/\/servicemode.ee\/\",\"name\":\"ServiceMode\",\"description\":\"Tesla remont ja teenindus Peetris\",\"publisher\":{\"@id\":\"https:\/\/servicemode.ee\/#organization\"},\"potentialAction\":[{\"@type\":\"SearchAction\",\"target\":{\"@type\":\"EntryPoint\",\"urlTemplate\":\"https:\/\/servicemode.ee\/?s={search_term_string}\"},\"query-input\":{\"@type\":\"PropertyValueSpecification\",\"valueRequired\":true,\"valueName\":\"search_term_string\"}}],\"inLanguage\":\"en-US\"},{\"@type\":[\"Organization\",\"Place\"],\"@id\":\"https:\/\/servicemode.ee\/#organization\",\"name\":\"The Garage\",\"url\":\"https:\/\/servicemode.ee\/\",\"logo\":{\"@id\":\"https:\/\/servicemode.ee\/en\/claims-handling\/#local-main-organization-logo\"},\"image\":{\"@id\":\"https:\/\/servicemode.ee\/en\/claims-handling\/#local-main-organization-logo\"},\"telephone\":[],\"openingHoursSpecification\":[{\"@type\":\"OpeningHoursSpecification\",\"dayOfWeek\":[\"Monday\",\"Tuesday\",\"Wednesday\",\"Thursday\",\"Friday\",\"Saturday\",\"Sunday\"],\"opens\":\"09:00\",\"closes\":\"17:00\"}]},{\"@type\":\"ImageObject\",\"inLanguage\":\"en-US\",\"@id\":\"https:\/\/servicemode.ee\/en\/claims-handling\/#local-main-organization-logo\",\"url\":\"https:\/\/servicemode.ee\/wp-content\/uploads\/2020\/05\/logo.png\",\"contentUrl\":\"https:\/\/servicemode.ee\/wp-content\/uploads\/2020\/05\/logo.png\",\"width\":316,\"height\":93,\"caption\":\"The Garage\"}]}<\/script>\n<!-- \/ Yoast SEO Premium plugin. -->","yoast_head_json":{"title":"Claims handling | ServiceMode","robots":{"index":"index","follow":"follow","max-snippet":"max-snippet:-1","max-image-preview":"max-image-preview:large","max-video-preview":"max-video-preview:-1"},"canonical":"https:\/\/servicemode.ee\/en\/claims-handling\/","og_locale":"en_US","og_type":"article","og_title":"Claims handling","og_description":"Claims handling Aitame Sind kindlustusjuhtumite korral ning ajame sinu eest k\u00f5ik dokumendid ise korda. Mida teha kui juhtus \u00f5nnetus? \u00d5nnetuse tekkimisel v\u00f5ta tarvitusele abin\u00f5ud kahju suurenemise v\u00e4ltimiseks ja \u00fcldise ohutuse tagamiseks. Helista H\u00e4irekeskusesse 112, kui: \u00f5nnetuses on keegi viga saanud. Kui Sa oskad ja on v\u00f5imalik, anna kannatanutele esmaabi; \u00f5nnetuses osalenud inimesed ei ole s\u00fc\u00fcdlase [&hellip;]","og_url":"https:\/\/servicemode.ee\/en\/claims-handling\/","og_site_name":"ServiceMode","article_modified_time":"2024-05-02T04:44:08+00:00","twitter_card":"summary_large_image","twitter_misc":{"Est. reading time":"2 minutes"},"schema":{"@context":"https:\/\/schema.org","@graph":[{"@type":"WebPage","@id":"https:\/\/servicemode.ee\/en\/claims-handling\/","url":"https:\/\/servicemode.ee\/en\/claims-handling\/","name":"Claims handling | ServiceMode","isPartOf":{"@id":"https:\/\/servicemode.ee\/#website"},"datePublished":"2024-05-02T04:44:07+00:00","dateModified":"2024-05-02T04:44:08+00:00","breadcrumb":{"@id":"https:\/\/servicemode.ee\/en\/claims-handling\/#breadcrumb"},"inLanguage":"en-US","potentialAction":[{"@type":"ReadAction","target":["https:\/\/servicemode.ee\/en\/claims-handling\/"]}]},{"@type":"BreadcrumbList","@id":"https:\/\/servicemode.ee\/en\/claims-handling\/#breadcrumb","itemListElement":[{"@type":"ListItem","position":1,"name":"Home","item":"https:\/\/servicemode.ee\/en\/"},{"@type":"ListItem","position":2,"name":"Claims handling"}]},{"@type":"WebSite","@id":"https:\/\/servicemode.ee\/#website","url":"https:\/\/servicemode.ee\/","name":"ServiceMode","description":"Tesla remont ja teenindus Peetris","publisher":{"@id":"https:\/\/servicemode.ee\/#organization"},"potentialAction":[{"@type":"SearchAction","target":{"@type":"EntryPoint","urlTemplate":"https:\/\/servicemode.ee\/?s={search_term_string}"},"query-input":{"@type":"PropertyValueSpecification","valueRequired":true,"valueName":"search_term_string"}}],"inLanguage":"en-US"},{"@type":["Organization","Place"],"@id":"https:\/\/servicemode.ee\/#organization","name":"The Garage","url":"https:\/\/servicemode.ee\/","logo":{"@id":"https:\/\/servicemode.ee\/en\/claims-handling\/#local-main-organization-logo"},"image":{"@id":"https:\/\/servicemode.ee\/en\/claims-handling\/#local-main-organization-logo"},"telephone":[],"openingHoursSpecification":[{"@type":"OpeningHoursSpecification","dayOfWeek":["Monday","Tuesday","Wednesday","Thursday","Friday","Saturday","Sunday"],"opens":"09:00","closes":"17:00"}]},{"@type":"ImageObject","inLanguage":"en-US","@id":"https:\/\/servicemode.ee\/en\/claims-handling\/#local-main-organization-logo","url":"https:\/\/servicemode.ee\/wp-content\/uploads\/2020\/05\/logo.png","contentUrl":"https:\/\/servicemode.ee\/wp-content\/uploads\/2020\/05\/logo.png","width":316,"height":93,"caption":"The Garage"}]}},"_links":{"self":[{"href":"https:\/\/servicemode.ee\/en\/wp-json\/wp\/v2\/pages\/11133"}],"collection":[{"href":"https:\/\/servicemode.ee\/en\/wp-json\/wp\/v2\/pages"}],"about":[{"href":"https:\/\/servicemode.ee\/en\/wp-json\/wp\/v2\/types\/page"}],"author":[{"embeddable":true,"href":"https:\/\/servicemode.ee\/en\/wp-json\/wp\/v2\/users\/2"}],"replies":[{"embeddable":true,"href":"https:\/\/servicemode.ee\/en\/wp-json\/wp\/v2\/comments?post=11133"}],"version-history":[{"count":1,"href":"https:\/\/servicemode.ee\/en\/wp-json\/wp\/v2\/pages\/11133\/revisions"}],"predecessor-version":[{"id":11134,"href":"https:\/\/servicemode.ee\/en\/wp-json\/wp\/v2\/pages\/11133\/revisions\/11134"}],"wp:attachment":[{"href":"https:\/\/servicemode.ee\/en\/wp-json\/wp\/v2\/media?parent=11133"}],"curies":[{"name":"wp","href":"https:\/\/api.w.org\/{rel}","templated":true}]}}